{"id":106,"date":"2021-01-14T21:23:57","date_gmt":"2021-01-14T21:23:57","guid":{"rendered":"https:\/\/gaca-coaching.de\/?page_id=106"},"modified":"2021-01-14T21:24:51","modified_gmt":"2021-01-14T21:24:51","slug":"kinesiologie","status":"publish","type":"page","link":"https:\/\/gaca-coaching.de\/?page_id=106","title":{"rendered":"kinesiologie"},"content":{"rendered":"<div id=\"content\">\n<div class=\"text\">\n<h1>Coaching mit Begleitender Kinesiologie in Berlin Prenzlauer Berg<\/h1>\n<p><strong>Wie ist die moderne Kinesiologie entstanden?<\/strong><br \/>\nKinesiologie (Kinesis griechisch f\u00fcr Bewegung und Logos, f\u00fcr Wort \/ Lehre) wurde in der heutigen Form erstmalig systematisch in den 60er Jahren von dem Chiropraktiker Dr. George Goodheart\u00a0 untersucht. Er gilt heute als der Begr\u00fcnder der modernen Kinesiologie.<br \/>\nSehr grob zusammengefasst beschrieb er den Zusammenhang von Muskelreaktionen mit anderen physischen und psychischen Vorg\u00e4ngen aber auch dem Wissen der traditionellen chinesischen Medizin, Meridianen, Organen, Gef\u00fchlen und weiteren Funktionskreisen.<br \/>\nDies war die Basis zum Beispiel f\u00fcr John Thie (Touch for Health), Paul Dennison (Brain Gym), Fred Gallo (Energy Psychology) und andere kreative K\u00f6pfe bis heute die Kinesiologie weiter zu verfeinern und zu entwickeln.<\/p>\n<table border=\"0\" cellspacing=\"0\" cellpadding=\"0\">\n<tbody>\n<tr>\n<td><img decoding=\"async\" src=\"http:\/\/claudia-gaca.de\/dietlb\/hand1.jpg\" alt=\"\" width=\"100\" border=\"0\" \/><\/td>\n<td><img decoding=\"async\" src=\"http:\/\/claudia-gaca.de\/dietlb\/hand2.jpg\" alt=\"\" width=\"100\" border=\"0\" \/><\/td>\n<td><img decoding=\"async\" src=\"http:\/\/claudia-gaca.de\/dietlb\/hand3.jpg\" alt=\"\" width=\"100\" border=\"0\" \/><\/td>\n<td><img decoding=\"async\" src=\"http:\/\/claudia-gaca.de\/dietlb\/hand4.jpg\" alt=\"\" width=\"100\" border=\"0\" \/><\/td>\n<td><img decoding=\"async\" src=\"http:\/\/claudia-gaca.de\/dietlb\/hand5.jpg\" alt=\"\" width=\"100\" border=\"0\" \/><\/td>\n<\/tr>\n<\/tbody>\n<\/table>\n<p>&nbsp;<\/p>\n<p><strong>Was ist das besondere an Kinesiologie? Der Muskeltest!<\/strong><br \/>\n(Vorweg: Ausprobieren ist der einfachste Weg Kinesiologie zu erleben. Daf\u00fcr brauchen Sie nicht daran \u201eglauben\u201c. In meinem Coaching freue ich mich \u00fcber neugierige gern auch kritische Menschen, die verstehen wollen was passiert.)<br \/>\nFast alle kinesiologischen Richtungen arbeiten mit dem Muskeltest als Feedback innerer unbewusster Vorg\u00e4nge. Der Muskeltest macht Stress (Stress im Sinne einer Abweichung vom Normalzustand) nach aussen sichtbar und sp\u00fcrbar. Dies ist kein geheimnisvoller Vorgang sondern eine normale k\u00f6rperliche Reaktion (\u00e4hnlich den \u201eweichen Beinen\u201c bei Angst), die nicht von der Kognition sondern vom limbischen System gesteuert wird.<br \/>\nDurch dieses \u201eSichtbar werden\u201c einer inneren Reaktion kann man herauskristallisieren welche Themen aktuell einen Menschen bewegen.<br \/>\nHat man die Stressoren ausfindig gemacht, suche ich in der kinesiologischen Balance Wege den\/die Klienten\/Klientin zu entspannen, um L\u00f6sungen zu finden. Dies kann durch unterschiedliche k\u00f6rperliche oder mentale Methoden erfolgen. Zum Abschluss sollte das Thema das anf\u00e4nglich die Muskelreaktion ausgel\u00f6st hat, keine Reaktion mehr ausl\u00f6sen.<\/p>\n<p><strong>In meiner Coaching und Kinesiologie Praxis in Berlin arbeite ich mit:<\/strong><\/p>\n<p>-Stress Indicator Points System SIPS<br \/>\n&#8211; 3 in 1 Concepts (pschychologische Kinesiologie nach Stokes und Whitehead)<br \/>\n&#8211; Psychokinesiologie nach Klinghardt<br \/>\n&#8211; Touch for Health (Meridian Balancen nach John Thie)<br \/>\n&#8211; EDxTM Klopftechniken \u00a0(energetische Psychologie nach Gallo)<br \/>\n&#8211; N.I.C.E (Neuronal Integration Control Enhancement nach Peter Erickson)<br \/>\n&#8211; Brain Gym\u00ae (Edu-Kinesthetik nach Paul Dennison)<br \/>\n&#8211; Applied Physiology (Meridian Hologramme mit Farben und Klang nach Richard Utt)<\/p>\n<\/div>\n<\/div>\n<div id=\"navigation\">\n<p>&nbsp;<\/p>\n<\/div>\n","protected":false},"excerpt":{"rendered":"<p>Coaching mit Begleitender Kinesiologie in Berlin Prenzlauer Berg Wie ist die moderne Kinesiologie entstanden? Kinesiologie (Kinesis griechisch f\u00fcr Bewegung und Logos, f\u00fcr Wort \/ Lehre) wurde in der heutigen Form erstmalig systematisch in den 60er Jahren von dem Chiropraktiker Dr. George Goodheart\u00a0 untersucht. Er gilt heute als der Begr\u00fcnder der modernen Kinesiologie. Sehr grob zusammengefasst &hellip;<\/p>\n","protected":false},"author":1,"featured_media":0,"parent":0,"menu_order":0,"comment_status":"closed","ping_status":"closed","template":"","meta":{"footnotes":""},"_links":{"self":[{"href":"https:\/\/gaca-coaching.de\/index.php?rest_route=\/wp\/v2\/pages\/106"}],"collection":[{"href":"https:\/\/gaca-coaching.de\/index.php?rest_route=\/wp\/v2\/pages"}],"about":[{"href":"https:\/\/gaca-coaching.de\/index.php?rest_route=\/wp\/v2\/types\/page"}],"author":[{"embeddable":true,"href":"https:\/\/gaca-coaching.de\/index.php?rest_route=\/wp\/v2\/users\/1"}],"replies":[{"embeddable":true,"href":"https:\/\/gaca-coaching.de\/index.php?rest_route=%2Fwp%2Fv2%2Fcomments&post=106"}],"version-history":[{"count":2,"href":"https:\/\/gaca-coaching.de\/index.php?rest_route=\/wp\/v2\/pages\/106\/revisions"}],"predecessor-version":[{"id":110,"href":"https:\/\/gaca-coaching.de\/index.php?rest_route=\/wp\/v2\/pages\/106\/revisions\/110"}],"wp:attachment":[{"href":"https:\/\/gaca-coaching.de\/index.php?rest_route=%2Fwp%2Fv2%2Fmedia&parent=106"}],"curies":[{"name":"wp","href":"https:\/\/api.w.org\/{rel}","templated":true}]}}