{"id":111,"date":"2021-01-14T21:27:29","date_gmt":"2021-01-14T21:27:29","guid":{"rendered":"https:\/\/gaca-coaching.de\/?page_id=111"},"modified":"2023-07-09T11:10:03","modified_gmt":"2023-07-09T11:10:03","slug":"home","status":"publish","type":"page","link":"https:\/\/gaca-coaching.de\/","title":{"rendered":"home"},"content":{"rendered":"<h2><img loading=\"lazy\" decoding=\"async\" class=\"size-full wp-image-17 alignright\" src=\"https:\/\/gaca-coaching.de\/wp-content\/uploads\/2021\/01\/claudia2020.jpg\" alt=\"\" width=\"180\" height=\"270\" \/>GACA COACHING<br \/>\nCOACHING \/ KINESIOLOGIE \/ THERAPIE<br \/>\nf\u00fcr Einzelpersonen und Paare<strong><br \/>\nin Berlin Prenzlauer Berg<\/strong><\/h2>\n<p>Sie sind allein oder zu zweit<br \/>\n&#8230; an einem Punkt wo Sie nicht weiterkommen?<br \/>\n&#8230; und m\u00fcssen Entscheidungen treffen?<br \/>\n&#8230; in einer mentalen, emotionalen oder physischen Krise?<br \/>\n&#8230; und sabotieren sich selbst?<br \/>\n&#8230; und Nein sagen, Grenzen ziehen ist schwer?<br \/>\n&#8230; und wollen Ihre Kommunikation verbessern?<\/p>\n<p>Mir geht es darum, da\u00df Sie mental, emotional und physisch<br \/>\n\u2013 Zusammenh\u00e4nge verstehen<br \/>\n\u2013 Gef\u00fchle wahrnehmen<br \/>\n\u2013 Blockaden l\u00f6sen<br \/>\n\u2013 K\u00f6rper und Geist entspannen<br \/>\n\u2013 Ver\u00e4nderung umsetzen<\/p>\n<p><strong>Ich arbeite immer sowohl mit Ihrer Kognition als auch dem K\u00f6rper!<\/strong><\/p>\n<p><strong>Ich bin:<\/strong><\/p>\n<p>&#8211; \u00a0nach DGAK Richtlinien ausgebildete Kinesiologin<br \/>\n&#8211; Heilpraktikerin beschr\u00e4nkt auf das Gebiet der Psychotherapie<br \/>\n&#8211; Paar- und Sexualtherapeutin<br \/>\n&#8211; Business Coach (Europeaen Coaching Association) und NLP Trainerin<br \/>\n&#8211; Trainerin Selbstbehauptung, Selbstverteidigung, Kampfkunst<\/p>\n<p>Meine Coaching &amp; Kinesiologie Praxis finden Sie zentral gelegen in Berlin Prenzlauer Berg in der Schivelbeiner Str. 40.<br \/>\nTelefon: 030 44 79 32 71<\/p>\n<p>Sollten Sie finanziell in Not sein? Bitte sprechen Sie mich an.<\/p>\n<p><strong>Herzlich Willkommen!<\/strong><br \/>\nClaudia Gaca<\/p>\n<p>&nbsp;<\/p>\n<p><sup>*.)<\/sup>Rechtliche Hinweise<\/p>\n<p>Kinesiologie stellt keine Heilkunde dar. Sofern \u00c4rzte\/ Heilpraktiker \/Psychotherapeuten Kinesiologie medizinisch-therapeutisch anwenden, ist wichtig zu wissen, dass Kinesiologie \u2013 w\u00e4hrend sie nach Meinung einer Vielzahl von Wissenschaftlern, ganzheitlich orientierten \u00c4rzten, Heilpraktikern, Psychotherapeuten als Erg\u00e4nzung\/ Unterst\u00fctzung einer med. oder psychotherapeutischen Behandlung zur Linderung von Beschwerden, Krankheiten, Stress beitragen kann \u2013 in ihrer therapeutischen Wirksamkeit nicht durch gesicherte wissenschaftliche Erkenntnisse belegt und im Sinne der Schulmedizin zu Diagnosezwecken ungeeignet ist.<\/p>\n","protected":false},"excerpt":{"rendered":"<p>GACA COACHING COACHING \/ KINESIOLOGIE \/ THERAPIE f\u00fcr Einzelpersonen und Paare in Berlin Prenzlauer Berg Sie sind allein oder zu zweit &#8230; an einem Punkt wo Sie nicht weiterkommen? &#8230; und m\u00fcssen Entscheidungen treffen? &#8230; in einer mentalen, emotionalen oder physischen Krise? &#8230; und sabotieren sich selbst? &#8230; und Nein sagen, Grenzen ziehen ist schwer? &hellip;<\/p>\n","protected":false},"author":1,"featured_media":0,"parent":0,"menu_order":0,"comment_status":"closed","ping_status":"closed","template":"","meta":{"footnotes":""},"_links":{"self":[{"href":"https:\/\/gaca-coaching.de\/index.php?rest_route=\/wp\/v2\/pages\/111"}],"collection":[{"href":"https:\/\/gaca-coaching.de\/index.php?rest_route=\/wp\/v2\/pages"}],"about":[{"href":"https:\/\/gaca-coaching.de\/index.php?rest_route=\/wp\/v2\/types\/page"}],"author":[{"embeddable":true,"href":"https:\/\/gaca-coaching.de\/index.php?rest_route=\/wp\/v2\/users\/1"}],"replies":[{"embeddable":true,"href":"https:\/\/gaca-coaching.de\/index.php?rest_route=%2Fwp%2Fv2%2Fcomments&post=111"}],"version-history":[{"count":16,"href":"https:\/\/gaca-coaching.de\/index.php?rest_route=\/wp\/v2\/pages\/111\/revisions"}],"predecessor-version":[{"id":160,"href":"https:\/\/gaca-coaching.de\/index.php?rest_route=\/wp\/v2\/pages\/111\/revisions\/160"}],"wp:attachment":[{"href":"https:\/\/gaca-coaching.de\/index.php?rest_route=%2Fwp%2Fv2%2Fmedia&parent=111"}],"curies":[{"name":"wp","href":"https:\/\/api.w.org\/{rel}","templated":true}]}}