{"id":9,"date":"2021-01-14T20:40:18","date_gmt":"2021-01-14T20:40:18","guid":{"rendered":"https:\/\/gaca-coaching.de\/?page_id=9"},"modified":"2021-01-14T21:08:32","modified_gmt":"2021-01-14T21:08:32","slug":"methoden","status":"publish","type":"page","link":"https:\/\/gaca-coaching.de\/?page_id=9","title":{"rendered":"methoden"},"content":{"rendered":"<h2><strong>Methoden | NLP | Kinesiologie | Klopftechniken<\/strong><\/h2>\n<p>Wenn Sie f\u00fcr Kinesiologie, NLP, Coaching oder Therapie in meine Praxis in Berlin Prenzlauer Berg kommen werde wir uns zun\u00e4chst ausf\u00fchrlich unterhalten welches Thema aktuell im Vordergrund steht, und welcher Schritt Sie n\u00e4her an Ihr Ziel bringt. Oft sind dabei schon \u00dcbungen aus dem<a href=\"http:\/\/claudia-gaca.de\/methoden_nlp.html\"> <strong>Neurolinguistischen Programmieren<\/strong><\/a> sinnvoll einzusetzen.<br \/>\nNach dieser eher kognitiven Herangehensweise, werden wir das aktuelle Ziel auf der K\u00f6rperebene mit <strong><a href=\"http:\/\/claudia-gaca.de\/methoden_kinesiologie_.html\">Kinesiologie<\/a><\/strong> auf Stress \u00fcberpr\u00fcfen, kinesiologisch bis zur Entspannung balancieren und danach m\u00f6glichst konkrete Handlungen suchen, die Ihnen helfen etwas was Neues im Alltag umzusetzen und die Wirksamkeit der Coaching Sitzung zu \u00fcberpr\u00fcfen.<br \/>\nNeben unterschiedlichen Werkzeugen aus Kinesiologie und NLP benutze ich die effektiven <strong><a href=\"http:\/\/claudia-gaca.de\/methoden_klopftechniken.html\">Klopftechniken<\/a><\/strong> der energetischen Psychologie (Energy Psychology) nach Fred Gallo., systemische Aufstellungen, Techniken aus der Selbstbehauptung und dem hawaiianischen Huna.<\/p>\n<p class=\"small\">Aus rechtlichen Gr\u00fcnden muss ich Sie auf folgendes hinweisen:<br \/>\nW\u00e4hrend die Begleitende Kinesiologie nach Meinung einer Vielzahl von Wissenschaftlern, ganzheitlich orientierten \u00c4rzten, Heilpraktikern und Psychotherapeuten als Erg\u00e4nzung bzw. Unterst\u00fctzung einer medizinischen oder psychotherapeutischen Behandlung zur Linderung von gesundheitlichen Beschwerden oder Krankheiten beitragen kann, ist sie in ihrer therapeutischen Wirksamkeit nicht durch gesicherte wissenschaftliche Erkenntnisse belegt und im Sinne der Schulmedizin ungeeignet.<\/p>\n","protected":false},"excerpt":{"rendered":"<p>Methoden | NLP | Kinesiologie | Klopftechniken Wenn Sie f\u00fcr Kinesiologie, NLP, Coaching oder Therapie in meine Praxis in Berlin Prenzlauer Berg kommen werde wir uns zun\u00e4chst ausf\u00fchrlich unterhalten welches Thema aktuell im Vordergrund steht, und welcher Schritt Sie n\u00e4her an Ihr Ziel bringt. Oft sind dabei schon \u00dcbungen aus dem Neurolinguistischen Programmieren sinnvoll einzusetzen. &hellip;<\/p>\n","protected":false},"author":1,"featured_media":0,"parent":0,"menu_order":0,"comment_status":"closed","ping_status":"closed","template":"","meta":{"footnotes":""},"_links":{"self":[{"href":"https:\/\/gaca-coaching.de\/index.php?rest_route=\/wp\/v2\/pages\/9"}],"collection":[{"href":"https:\/\/gaca-coaching.de\/index.php?rest_route=\/wp\/v2\/pages"}],"about":[{"href":"https:\/\/gaca-coaching.de\/index.php?rest_route=\/wp\/v2\/types\/page"}],"author":[{"embeddable":true,"href":"https:\/\/gaca-coaching.de\/index.php?rest_route=\/wp\/v2\/users\/1"}],"replies":[{"embeddable":true,"href":"https:\/\/gaca-coaching.de\/index.php?rest_route=%2Fwp%2Fv2%2Fcomments&post=9"}],"version-history":[{"count":6,"href":"https:\/\/gaca-coaching.de\/index.php?rest_route=\/wp\/v2\/pages\/9\/revisions"}],"predecessor-version":[{"id":89,"href":"https:\/\/gaca-coaching.de\/index.php?rest_route=\/wp\/v2\/pages\/9\/revisions\/89"}],"wp:attachment":[{"href":"https:\/\/gaca-coaching.de\/index.php?rest_route=%2Fwp%2Fv2%2Fmedia&parent=9"}],"curies":[{"name":"wp","href":"https:\/\/api.w.org\/{rel}","templated":true}]}}