{"id":94,"date":"2021-01-14T21:15:55","date_gmt":"2021-01-14T21:15:55","guid":{"rendered":"https:\/\/gaca-coaching.de\/?page_id=94"},"modified":"2021-01-14T21:23:11","modified_gmt":"2021-01-14T21:23:11","slug":"klopftechniken","status":"publish","type":"page","link":"https:\/\/gaca-coaching.de\/?page_id=94","title":{"rendered":"klopftechniken"},"content":{"rendered":"<h1>Klopftechniken\/ Klopfakupressur<\/h1>\n<p>Klopftechniken\/ Klopfakupressur haben heute einen festen Platz in den Selbsthilfetechniken gefunden \u2013 bekannt unter EFT (Emotional Freedom Techniques), MET (Meridian Energie Technik) oder einfach dem Klopfen.<br \/>\nTats\u00e4chlich haben die Klopftechniken jedoch ihren Ursprung in der Kinesiologie unter Einbezug des Muskeltest. Gelehrt wird diese umfangreiche Technik heute prim\u00e4r von Fred Gallo der dieses System unter dem Namen Energy Psychology (Energetische Psychologie) oder EDxTMTM bekannt gemacht hat.<br \/>\nEnergy Psychology vereint Selbsthilfe-, Diagnose- und Therapiem\u00f6glichkeiten. Sein System bietet durch Nutzung des Muskeltest aus der Kinesiologie im Coaching ein wertvolles Instrument um innere Blockaden sichtbar zu machen.<br \/>\nGallo lehrt ausserdem einen achtsamen (buddhistischen) Umgang mit ungeliebten Anteilen. Keine andere mir bekannte kinesiologische Richtung versteht es meines Erachtens gleichzeitig sowohl konfrontierend als auch integrierend zu wirken. Aus diesem Grund sind Klopftechniken auch als Hausaufgabe aus meinen Sitzungen nicht wegzudenken. Die von Fred Gallo entwickelten Methoden integrieren Konzepte der Hypnotherapie, des NLP, der angewandten Kinesiologie, den EMDR verwandten Methoden, sowie Interventionen, die aus der Akupunktur\/Akupressur abgeleitet sind.<\/p>\n<p>Im Rahmen der Energergetischen Psychologie werden psychische Probleme als St\u00f6rungen im Energiesystem des Organismus gedeutet und man &#8222;balanciert&#8220; sie mit verschiedenen Techniken &#8211; ein systemischer Ansatz, der zu neuer Selbstregulation f\u00fchrt z.B. durch Stimulierung der Akupunkturpunkte auf den Meridianen. Durch diese Aktivierung werden Selbstheilungsprozesse auf psychischer Ebene oft effektiv unterst\u00fctzt. Aus diesem Grund gehe ich in meinen Seminaren in meiner Praxis f\u00fcr Kinesiologie und Coaching in Berlin auch ausf\u00fchrlich ein.<\/p>\n","protected":false},"excerpt":{"rendered":"<p>Klopftechniken\/ Klopfakupressur Klopftechniken\/ Klopfakupressur haben heute einen festen Platz in den Selbsthilfetechniken gefunden \u2013 bekannt unter EFT (Emotional Freedom Techniques), MET (Meridian Energie Technik) oder einfach dem Klopfen. Tats\u00e4chlich haben die Klopftechniken jedoch ihren Ursprung in der Kinesiologie unter Einbezug des Muskeltest. Gelehrt wird diese umfangreiche Technik heute prim\u00e4r von Fred Gallo der dieses System &hellip;<\/p>\n","protected":false},"author":1,"featured_media":0,"parent":0,"menu_order":0,"comment_status":"closed","ping_status":"closed","template":"","meta":{"footnotes":""},"_links":{"self":[{"href":"https:\/\/gaca-coaching.de\/index.php?rest_route=\/wp\/v2\/pages\/94"}],"collection":[{"href":"https:\/\/gaca-coaching.de\/index.php?rest_route=\/wp\/v2\/pages"}],"about":[{"href":"https:\/\/gaca-coaching.de\/index.php?rest_route=\/wp\/v2\/types\/page"}],"author":[{"embeddable":true,"href":"https:\/\/gaca-coaching.de\/index.php?rest_route=\/wp\/v2\/users\/1"}],"replies":[{"embeddable":true,"href":"https:\/\/gaca-coaching.de\/index.php?rest_route=%2Fwp%2Fv2%2Fcomments&post=94"}],"version-history":[{"count":2,"href":"https:\/\/gaca-coaching.de\/index.php?rest_route=\/wp\/v2\/pages\/94\/revisions"}],"predecessor-version":[{"id":105,"href":"https:\/\/gaca-coaching.de\/index.php?rest_route=\/wp\/v2\/pages\/94\/revisions\/105"}],"wp:attachment":[{"href":"https:\/\/gaca-coaching.de\/index.php?rest_route=%2Fwp%2Fv2%2Fmedia&parent=94"}],"curies":[{"name":"wp","href":"https:\/\/api.w.org\/{rel}","templated":true}]}}