{"id":95,"date":"2021-01-14T21:15:55","date_gmt":"2021-01-14T21:15:55","guid":{"rendered":"https:\/\/gaca-coaching.de\/?page_id=95"},"modified":"2021-01-14T21:22:45","modified_gmt":"2021-01-14T21:22:45","slug":"nlp","status":"publish","type":"page","link":"https:\/\/gaca-coaching.de\/?page_id=95","title":{"rendered":"nlp"},"content":{"rendered":"<h1>NLP<\/h1>\n<p>F\u00fcr meine Klienten, die in meine Praxis in Berlin kommen, ist NLP \u2013 das Neuro-Linguistische Programmieren \u2013 das ich einsetze weniger sichtbar als die Kinesiologie und das Coaching. W\u00e4hrend das NLP seine St\u00e4rke eher in der Ver\u00e4nderung des Denkens hat \u2013 hat Kinesiologie einen direkten Einfluss auf den K\u00f6rper. In der Kombination halte ich beide Methoden zusammen f\u00fcr eine unschlagbare Kombination. Aber dies ist meine Meinung und Erfahrung auch ich bin der Meinung viele Methoden f\u00fchren zum Ziel.<\/p>\n<p>Genau so ist \u00fcbrigens NLP entstanden. NLP wurde in den 70er Jahren von Richard Bandler und John Grinder basierend auf der Frage: \u201cWas macht erfolgreiche Therapie aus?\u201d entwickelt. Dazu studierten sie z. B. die Familientherapeutin Virginia Satir, den Hypnotherapeuten Milton Erickson, den Gestalttherapeuten Fritz Perls und den Kulturanthropologen Gregory Bateson aber auch andere spirituelle Meister der Zeit. Sie versuchten Gemeinsamkeiten in der Kommunikation Therapeut \u2013 Kleint herauszufinden, die diesen Therapeuten erm\u00f6glichte die Menschen zur Ver\u00e4nderung zu bringen.<\/p>\n<p>Grob gesagt fanden sie heraus, dass bestimmte Strukturen in der Kommunikation entscheidend sind um Denkmuster und Gef\u00fchle nachhaltig zu ver\u00e4ndern.<br \/>\nNLP ist ein humanistischer, l\u00f6sungs-, ressourcen- und zielorientierter Denkansatz, und bietet eine ganzheitliche Methodenvielfalt um Themen wie z.B. Gesundheit, Lernen, pers\u00f6nliche Entwicklung und Kompetenz, Kreativit\u00e4t und Flexibilit\u00e4t im Denken und F\u00fchlen zu ergr\u00fcnden und ver\u00e4ndern. Zentral im NLP ist die innere Kommunikation und ein &#8222;hirngerechtes Lernen&#8220; mit allen Sinnen. NLP geht davon aus: &#8222;Wir alle k\u00f6nnen unser Verhalten ver\u00e4ndern und Ziele erreichen, wenn wir dies wollen.&#8220; NLP bahnt den Weg zum Ziel.<\/p>\n<p>NLP wird heute von vielen Menschen in unterschiedlichen Zusammenh\u00e4ngen wie z.B. eigene pers\u00f6nliche Entwicklung, Therapie, Coaching oder Management verwendet. Ich setzte NLP bevorzugt ein, um Werte herauszufiltern, ressourcevolle unterst\u00fctzende Ziele zu finden, eigene Potentiale zu entwickeln, Kommunikationsprozesse bewusst zu machen, Visionen zu pr\u00fcfen, Konfliktstrategien zu entwickeln, Denkmuster zu ver\u00e4ndern, die eigene Wahrnehmung und Kreativit\u00e4t zu erweitern. Ich arbeite unter anderem mit Refraiming, Time Line, emotionaler Kl\u00e4rung, Meta Mirror, Disney Strategie und anderen Werkzeugen des NLP alles eingebunden in die Balance durch Kinesiologie.<\/p>\n","protected":false},"excerpt":{"rendered":"<p>NLP F\u00fcr meine Klienten, die in meine Praxis in Berlin kommen, ist NLP \u2013 das Neuro-Linguistische Programmieren \u2013 das ich einsetze weniger sichtbar als die Kinesiologie und das Coaching. W\u00e4hrend das NLP seine St\u00e4rke eher in der Ver\u00e4nderung des Denkens hat \u2013 hat Kinesiologie einen direkten Einfluss auf den K\u00f6rper. In der Kombination halte ich &hellip;<\/p>\n","protected":false},"author":1,"featured_media":0,"parent":0,"menu_order":0,"comment_status":"closed","ping_status":"closed","template":"","meta":{"footnotes":""},"_links":{"self":[{"href":"https:\/\/gaca-coaching.de\/index.php?rest_route=\/wp\/v2\/pages\/95"}],"collection":[{"href":"https:\/\/gaca-coaching.de\/index.php?rest_route=\/wp\/v2\/pages"}],"about":[{"href":"https:\/\/gaca-coaching.de\/index.php?rest_route=\/wp\/v2\/types\/page"}],"author":[{"embeddable":true,"href":"https:\/\/gaca-coaching.de\/index.php?rest_route=\/wp\/v2\/users\/1"}],"replies":[{"embeddable":true,"href":"https:\/\/gaca-coaching.de\/index.php?rest_route=%2Fwp%2Fv2%2Fcomments&post=95"}],"version-history":[{"count":2,"href":"https:\/\/gaca-coaching.de\/index.php?rest_route=\/wp\/v2\/pages\/95\/revisions"}],"predecessor-version":[{"id":104,"href":"https:\/\/gaca-coaching.de\/index.php?rest_route=\/wp\/v2\/pages\/95\/revisions\/104"}],"wp:attachment":[{"href":"https:\/\/gaca-coaching.de\/index.php?rest_route=%2Fwp%2Fv2%2Fmedia&parent=95"}],"curies":[{"name":"wp","href":"https:\/\/api.w.org\/{rel}","templated":true}]}}